{"id":12545,"date":"2020-12-02T11:48:17","date_gmt":"2020-12-02T10:48:17","guid":{"rendered":"https:\/\/www.hotelgparadiso.com\/le-parc\/"},"modified":"2023-06-13T16:48:38","modified_gmt":"2023-06-13T14:48:38","slug":"le-parc","status":"publish","type":"page","link":"https:\/\/www.hotelgparadiso.com\/fr\/le-parc\/","title":{"rendered":"Le Parc"},"content":{"rendered":"\t\t<div data-elementor-type=\"wp-page\" data-elementor-id=\"12545\" class=\"elementor elementor-12545 elementor-3759\">\n\t\t\t\t\t\t<section class=\"elementor-section elementor-top-section elementor-element elementor-element-269c446 elementor-section-full_width elementor-section-height-default elementor-section-height-default qodef-elementor-content-no\" data-id=\"269c446\" data-element_type=\"section\" data-e-type=\"section\">\n\t\t\t\t\t\t<div class=\"elementor-container elementor-column-gap-default\">\n\t\t\t\t\t<div class=\"elementor-column elementor-col-100 elementor-top-column elementor-element elementor-element-429e7668\" data-id=\"429e7668\" data-element_type=\"column\" data-e-type=\"column\">\n\t\t\t<div class=\"elementor-widget-wrap elementor-element-populated\">\n\t\t\t\t\t\t<div class=\"elementor-element elementor-element-2134725d elementor-widget elementor-widget-augustine_core_section_title\" data-id=\"2134725d\" data-element_type=\"widget\" data-e-type=\"widget\" data-widget_type=\"augustine_core_section_title.default\">\n\t\t\t\t<div class=\"elementor-widget-container\">\n\t\t\t\t\t<div class=\"qodef-shortcode qodef-m  qodef-section-title qodef-alignment--left  qodef-title-appear qodef-title-alt-appear  \">\n\t\t\t\t<h1 class=\"qodef-m-title\" >\n\t\t\t\t\tLe Parc du Grand Paradis\t\t\t<\/h1>\n\t\t<\/div>\t\t\t\t<\/div>\n\t\t\t\t<\/div>\n\t\t\t\t\t<\/div>\n\t\t<\/div>\n\t\t\t\t\t<\/div>\n\t\t<\/section>\n\t\t\t\t<section class=\"elementor-section elementor-top-section elementor-element elementor-element-9b2923c qodef-elementor-content-grid elementor-section-full_width elementor-section-height-default elementor-section-height-default\" data-id=\"9b2923c\" data-element_type=\"section\" data-e-type=\"section\">\n\t\t\t\t\t\t<div class=\"elementor-container elementor-column-gap-default\">\n\t\t\t\t\t<div class=\"elementor-column elementor-col-50 elementor-top-column elementor-element elementor-element-d0abee9\" data-id=\"d0abee9\" data-element_type=\"column\" data-e-type=\"column\">\n\t\t\t<div class=\"elementor-widget-wrap elementor-element-populated\">\n\t\t\t\t\t\t<div class=\"elementor-element elementor-element-1db6ffe elementor-widget__width-initial elementor-widget elementor-widget-text-editor\" data-id=\"1db6ffe\" data-element_type=\"widget\" data-e-type=\"widget\" data-widget_type=\"text-editor.default\">\n\t\t\t\t<div class=\"elementor-widget-container\">\n\t\t\t\t\t\t\t\t\t<p>Le <strong>Parc National du Grand Paradis<\/strong>, qui porte le nom de la montagne la plus haute de la r\u00e9gion, le Grand Paradis (4.061 m\u00e8tres), est le <strong>premier parc national<\/strong> italien et s&#8217;\u00e9tend sur <strong>plus de 700 kilom\u00e8tres carr\u00e9s<\/strong> de paysages alpins spectaculaires. Avec ses vall\u00e9es profondes, ses lacs alpins et sa riche flore et faune, le parc offre de <strong>nombreuses activit\u00e9s en plein air<\/strong> telles que la randonn\u00e9e, le trekking, l&#8217;escalade, le VTT et l&#8217;observation de la faune sauvage. <\/p>\n\t\t\t\t\t\t\t\t<\/div>\n\t\t\t\t<\/div>\n\t\t\t\t\t<\/div>\n\t\t<\/div>\n\t\t\t\t<div class=\"elementor-column elementor-col-50 elementor-top-column elementor-element elementor-element-a05f9e8\" data-id=\"a05f9e8\" data-element_type=\"column\" data-e-type=\"column\">\n\t\t\t<div class=\"elementor-widget-wrap elementor-element-populated\">\n\t\t\t\t\t\t<div class=\"elementor-element elementor-element-40c816a elementor-widget__width-initial elementor-widget elementor-widget-text-editor\" data-id=\"40c816a\" data-element_type=\"widget\" data-e-type=\"widget\" data-widget_type=\"text-editor.default\">\n\t\t\t\t<div class=\"elementor-widget-container\">\n\t\t\t\t\t\t\t\t\t<p>\u00c0 l&#8217;int\u00e9rieur du parc, il est possible de rencontrer <strong>des chamois, des marmottes, des aigles royaux et des gypa\u00e8tes barbus<\/strong>. Le Grand Paradis est \u00e9galement c\u00e9l\u00e8bre pour abriter la <strong>plus grande population de bouquetins d&#8217;Europe<\/strong>, symbole m\u00eame du parc. Pour prot\u00e9ger la biodiversit\u00e9 et pr\u00e9server les habitats naturels, des <strong>strictes politiques de conservation<\/strong> ont \u00e9t\u00e9 mises en place, faisant du parc l&#8217;une des r\u00e9serves naturelles les plus importantes d&#8217;Europe.<\/p>\n\t\t\t\t\t\t\t\t<\/div>\n\t\t\t\t<\/div>\n\t\t\t\t\t<\/div>\n\t\t<\/div>\n\t\t\t\t\t<\/div>\n\t\t<\/section>\n\t\t\t\t<section class=\"elementor-section elementor-top-section elementor-element elementor-element-625a3c3c elementor-section-full_width qodef-elementor-content-grid elementor-section-height-default elementor-section-height-default\" data-id=\"625a3c3c\" data-element_type=\"section\" data-e-type=\"section\">\n\t\t\t\t\t\t<div class=\"elementor-container elementor-column-gap-default\">\n\t\t\t\t\t<div class=\"elementor-column elementor-col-100 elementor-top-column elementor-element elementor-element-67df91d6 elementor-hidden-tablet elementor-hidden-phone\" data-id=\"67df91d6\" data-element_type=\"column\" data-e-type=\"column\">\n\t\t\t<div class=\"elementor-widget-wrap elementor-element-populated\">\n\t\t\t\t\t\t<div class=\"elementor-element elementor-element-72779ccc elementor-widget elementor-widget-image\" data-id=\"72779ccc\" data-element_type=\"widget\" data-e-type=\"widget\" data-widget_type=\"image.default\">\n\t\t\t\t<div class=\"elementor-widget-container\">\n\t\t\t\t\t\t\t\t\t\t\t\t\t\t\t<img decoding=\"async\" src=\"https:\/\/augustine.qodeinteractive.com\/wp-content\/uploads\/2020\/11\/Line-86.jpg\" title=\"\" alt=\"\" loading=\"lazy\" \/>\t\t\t\t\t\t\t\t\t\t\t\t\t\t\t<\/div>\n\t\t\t\t<\/div>\n\t\t\t\t\t<\/div>\n\t\t<\/div>\n\t\t\t\t\t<\/div>\n\t\t<\/section>\n\t\t\t\t<section class=\"elementor-section elementor-top-section elementor-element elementor-element-a7a43ff qodef-elementor-content-grid elementor-section-boxed elementor-section-height-default elementor-section-height-default\" data-id=\"a7a43ff\" data-element_type=\"section\" data-e-type=\"section\">\n\t\t\t\t\t\t<div class=\"elementor-container elementor-column-gap-default\">\n\t\t\t\t\t<div class=\"elementor-column elementor-col-50 elementor-top-column elementor-element elementor-element-e564ffb animated-slow elementor-invisible\" data-id=\"e564ffb\" data-element_type=\"column\" data-e-type=\"column\" data-settings=\"{&quot;animation&quot;:&quot;fadeIn&quot;}\">\n\t\t\t<div class=\"elementor-widget-wrap elementor-element-populated\">\n\t\t\t\t\t\t<div class=\"elementor-element elementor-element-b0e5457 elementor-widget elementor-widget-augustine_core_image_with_text\" data-id=\"b0e5457\" data-element_type=\"widget\" data-e-type=\"widget\" data-widget_type=\"augustine_core_image_with_text.default\">\n\t\t\t\t<div class=\"elementor-widget-container\">\n\t\t\t\t\t<div class=\"qodef-shortcode qodef-m  qodef-image-with-text qodef-layout--text-below   \">\n\t<div class=\"qodef-m-image\">\n                                            <img fetchpriority=\"high\" decoding=\"async\" width=\"800\" height=\"1114\" src=\"https:\/\/www.hotelgparadiso.com\/wp-content\/uploads\/2023\/05\/parco-gran-paradiso-stambecchi.jpg\" class=\"attachment-full size-full\" alt=\"parco gran paradiso stambecchi\" srcset=\"https:\/\/www.hotelgparadiso.com\/wp-content\/uploads\/2023\/05\/parco-gran-paradiso-stambecchi.jpg 800w, https:\/\/www.hotelgparadiso.com\/wp-content\/uploads\/2023\/05\/parco-gran-paradiso-stambecchi-215x300.jpg 215w, https:\/\/www.hotelgparadiso.com\/wp-content\/uploads\/2023\/05\/parco-gran-paradiso-stambecchi-735x1024.jpg 735w, https:\/\/www.hotelgparadiso.com\/wp-content\/uploads\/2023\/05\/parco-gran-paradiso-stambecchi-768x1069.jpg 768w\" sizes=\"(max-width: 800px) 100vw, 800px\" \/>\n                                            <\/div>\t<div class=\"qodef-m-content\">\n\t\t\t<div class=\"qodef-m-subtitle\" >\n        photographie\t<\/div>\n\t\t\t<h4 class=\"qodef-m-title\" style=\"margin-top: 5px\">\n\t\t\t\t\tEntour\u00e9 par la Nature\t\t\t<\/h4>\n\t\t\t<p class=\"qodef-m-text\" >Vivre l&#039;exp\u00e9rience d&#039;\u00eatre au milieu des animaux dans le Parc est comme entrer dans un monde enchant\u00e9 o\u00f9 l&#039;harmonie de la nature se m\u00eale \u00e0 la pr\u00e9sence fascinante des cr\u00e9atures sauvages. Les amateurs de photographie ont l&#039;opportunit\u00e9 de capturer des moments inoubliables.<\/p>\n\t<\/div>\n<\/div>\t\t\t\t<\/div>\n\t\t\t\t<\/div>\n\t\t\t\t\t<\/div>\n\t\t<\/div>\n\t\t\t\t<div class=\"elementor-column elementor-col-50 elementor-top-column elementor-element elementor-element-df2acdd elementor-invisible\" data-id=\"df2acdd\" data-element_type=\"column\" data-e-type=\"column\" data-settings=\"{&quot;animation&quot;:&quot;fadeIn&quot;,&quot;animation_delay&quot;:150}\">\n\t\t\t<div class=\"elementor-widget-wrap elementor-element-populated\">\n\t\t\t\t\t\t<div class=\"elementor-element elementor-element-a9f0e4c elementor-widget elementor-widget-augustine_core_image_with_text\" data-id=\"a9f0e4c\" data-element_type=\"widget\" data-e-type=\"widget\" data-widget_type=\"augustine_core_image_with_text.default\">\n\t\t\t\t<div class=\"elementor-widget-container\">\n\t\t\t\t\t<div class=\"qodef-shortcode qodef-m  qodef-image-with-text qodef-layout--text-below   \">\n\t<div class=\"qodef-m-image\">\n                                            <img decoding=\"async\" width=\"800\" height=\"1114\" src=\"https:\/\/www.hotelgparadiso.com\/wp-content\/uploads\/2023\/05\/parco-gran-paradiso-trekking.jpg\" class=\"attachment-full size-full\" alt=\"parco gran paradiso trekking\" srcset=\"https:\/\/www.hotelgparadiso.com\/wp-content\/uploads\/2023\/05\/parco-gran-paradiso-trekking.jpg 800w, https:\/\/www.hotelgparadiso.com\/wp-content\/uploads\/2023\/05\/parco-gran-paradiso-trekking-215x300.jpg 215w, https:\/\/www.hotelgparadiso.com\/wp-content\/uploads\/2023\/05\/parco-gran-paradiso-trekking-735x1024.jpg 735w, https:\/\/www.hotelgparadiso.com\/wp-content\/uploads\/2023\/05\/parco-gran-paradiso-trekking-768x1069.jpg 768w\" sizes=\"(max-width: 800px) 100vw, 800px\" \/>\n                                            <\/div>\t<div class=\"qodef-m-content\">\n\t\t\t<div class=\"qodef-m-subtitle\" >\n        randonn\u00e9e\t<\/div>\n\t\t\t<h4 class=\"qodef-m-title\" style=\"margin-top: 5px\">\n\t\t\t\t\tExplorez le Parc\t\t\t<\/h4>\n\t\t\t<p class=\"qodef-m-text\" >Se plonger dans la randonn\u00e9e \u00e0 travers les majestueuses vall\u00e9es et montagnes du Parc du Grand Paradis est une d\u00e9couverte \u00e0 chaque pas. Que vous souhaitiez vous promener en explorant les refuges ou affronter les sommets les plus \u00e9lev\u00e9s, le Parc propose des randonn\u00e9es adapt\u00e9es \u00e0 tous les niveaux de difficult\u00e9.<\/p>\n\t<\/div>\n<\/div>\t\t\t\t<\/div>\n\t\t\t\t<\/div>\n\t\t\t\t\t<\/div>\n\t\t<\/div>\n\t\t\t\t\t<\/div>\n\t\t<\/section>\n\t\t\t\t<section class=\"elementor-section elementor-top-section elementor-element elementor-element-04ec5dc qodef-elementor-content-grid elementor-section-boxed elementor-section-height-default elementor-section-height-default\" data-id=\"04ec5dc\" data-element_type=\"section\" data-e-type=\"section\">\n\t\t\t\t\t\t<div class=\"elementor-container elementor-column-gap-default\">\n\t\t\t\t\t<div class=\"elementor-column elementor-col-50 elementor-top-column elementor-element elementor-element-d05c514 animated-slow elementor-invisible\" data-id=\"d05c514\" data-element_type=\"column\" data-e-type=\"column\" data-settings=\"{&quot;animation&quot;:&quot;fadeIn&quot;}\">\n\t\t\t<div class=\"elementor-widget-wrap elementor-element-populated\">\n\t\t\t\t\t\t<div class=\"elementor-element elementor-element-7d45995 elementor-widget elementor-widget-augustine_core_image_with_text\" data-id=\"7d45995\" data-element_type=\"widget\" data-e-type=\"widget\" data-widget_type=\"augustine_core_image_with_text.default\">\n\t\t\t\t<div class=\"elementor-widget-container\">\n\t\t\t\t\t<div class=\"qodef-shortcode qodef-m  qodef-image-with-text qodef-layout--text-below   \">\n\t<div class=\"qodef-m-image\">\n                                            <img decoding=\"async\" width=\"800\" height=\"1114\" src=\"https:\/\/www.hotelgparadiso.com\/wp-content\/uploads\/2023\/05\/parco-gran-paradiso-relax.jpg\" class=\"attachment-full size-full\" alt=\"parco gran paradiso relax\" srcset=\"https:\/\/www.hotelgparadiso.com\/wp-content\/uploads\/2023\/05\/parco-gran-paradiso-relax.jpg 800w, https:\/\/www.hotelgparadiso.com\/wp-content\/uploads\/2023\/05\/parco-gran-paradiso-relax-215x300.jpg 215w, https:\/\/www.hotelgparadiso.com\/wp-content\/uploads\/2023\/05\/parco-gran-paradiso-relax-735x1024.jpg 735w, https:\/\/www.hotelgparadiso.com\/wp-content\/uploads\/2023\/05\/parco-gran-paradiso-relax-768x1069.jpg 768w\" sizes=\"(max-width: 800px) 100vw, 800px\" \/>\n                                            <\/div>\t<div class=\"qodef-m-content\">\n\t\t\t<div class=\"qodef-m-subtitle\" >\n        connexion\t<\/div>\n\t\t\t<h4 class=\"qodef-m-title\" style=\"margin-top: 5px\">\n\t\t\t\t\tD\u00e9tente et M\u00e9ditation\t\t\t<\/h4>\n\t\t\t<p class=\"qodef-m-text\" >Le Parc du Grand Paradis est un centre de bien-\u00eatre naturel qui invite \u00e0 se reconnecter avec la puret\u00e9 de la nature. Pour ceux qui souhaitent pratiquer la m\u00e9ditation, le Parc est l&#039;endroit id\u00e9al, un havre de s\u00e9r\u00e9nit\u00e9 et de r\u00e9g\u00e9n\u00e9ration pour l&#039;\u00e2me.<\/p>\n\t<\/div>\n<\/div>\t\t\t\t<\/div>\n\t\t\t\t<\/div>\n\t\t\t\t\t<\/div>\n\t\t<\/div>\n\t\t\t\t<div class=\"elementor-column elementor-col-50 elementor-top-column elementor-element elementor-element-458321d elementor-invisible\" data-id=\"458321d\" data-element_type=\"column\" data-e-type=\"column\" data-settings=\"{&quot;animation&quot;:&quot;fadeIn&quot;,&quot;animation_delay&quot;:150}\">\n\t\t\t<div class=\"elementor-widget-wrap elementor-element-populated\">\n\t\t\t\t\t\t<div class=\"elementor-element elementor-element-37a33c1 elementor-widget elementor-widget-augustine_core_image_with_text\" data-id=\"37a33c1\" data-element_type=\"widget\" data-e-type=\"widget\" data-widget_type=\"augustine_core_image_with_text.default\">\n\t\t\t\t<div class=\"elementor-widget-container\">\n\t\t\t\t\t<div class=\"qodef-shortcode qodef-m  qodef-image-with-text qodef-layout--text-below   \">\n\t<div class=\"qodef-m-image\">\n                                            <img loading=\"lazy\" decoding=\"async\" width=\"800\" height=\"1114\" src=\"https:\/\/www.hotelgparadiso.com\/wp-content\/uploads\/2023\/05\/parco-gran-paradiso-mtb.jpg\" class=\"attachment-full size-full\" alt=\"parco gran paradiso mtb\" srcset=\"https:\/\/www.hotelgparadiso.com\/wp-content\/uploads\/2023\/05\/parco-gran-paradiso-mtb.jpg 800w, https:\/\/www.hotelgparadiso.com\/wp-content\/uploads\/2023\/05\/parco-gran-paradiso-mtb-215x300.jpg 215w, https:\/\/www.hotelgparadiso.com\/wp-content\/uploads\/2023\/05\/parco-gran-paradiso-mtb-735x1024.jpg 735w, https:\/\/www.hotelgparadiso.com\/wp-content\/uploads\/2023\/05\/parco-gran-paradiso-mtb-768x1069.jpg 768w\" sizes=\"(max-width: 800px) 100vw, 800px\" \/>\n                                            <\/div>\t<div class=\"qodef-m-content\">\n\t\t\t<div class=\"qodef-m-subtitle\" >\n        VTT\t<\/div>\n\t\t\t<h4 class=\"qodef-m-title\" style=\"margin-top: 5px\">\n\t\t\t\t\tParcours en v\u00e9lo\t\t\t<\/h4>\n\t\t\t<p class=\"qodef-m-text\" >Profitez de l&#039;occasion pour explorer le Parc du Grand Paradis en VTT, en vous laissant guider par la beaut\u00e9 immacul\u00e9e des sentiers et des vall\u00e9es, tandis que l&#039;adr\u00e9naline se m\u00eale au splendeur des montagnes, offrant une aventure inoubliable.<\/p>\n\t<\/div>\n<\/div>\t\t\t\t<\/div>\n\t\t\t\t<\/div>\n\t\t\t\t\t<\/div>\n\t\t<\/div>\n\t\t\t\t\t<\/div>\n\t\t<\/section>\n\t\t\t\t<section class=\"elementor-section elementor-top-section elementor-element elementor-element-e6c6a96 qodef-elementor-content-grid elementor-section-boxed elementor-section-height-default elementor-section-height-default\" data-id=\"e6c6a96\" data-element_type=\"section\" data-e-type=\"section\">\n\t\t\t\t\t\t<div class=\"elementor-container elementor-column-gap-default\">\n\t\t\t\t\t<div class=\"elementor-column elementor-col-50 elementor-top-column elementor-element elementor-element-dc89d54 elementor-invisible\" data-id=\"dc89d54\" data-element_type=\"column\" data-e-type=\"column\" data-settings=\"{&quot;animation&quot;:&quot;fadeIn&quot;}\">\n\t\t\t<div class=\"elementor-widget-wrap elementor-element-populated\">\n\t\t\t\t\t\t<div class=\"elementor-element elementor-element-6a97c0a elementor-widget elementor-widget-augustine_core_image_with_text\" data-id=\"6a97c0a\" data-element_type=\"widget\" data-e-type=\"widget\" data-widget_type=\"augustine_core_image_with_text.default\">\n\t\t\t\t<div class=\"elementor-widget-container\">\n\t\t\t\t\t<div class=\"qodef-shortcode qodef-m  qodef-image-with-text qodef-layout--text-below   \">\n\t<div class=\"qodef-m-image\">\n                                            <img loading=\"lazy\" decoding=\"async\" width=\"800\" height=\"1114\" src=\"https:\/\/www.hotelgparadiso.com\/wp-content\/uploads\/2023\/05\/parco-gran-paradiso-arrampicata.jpg\" class=\"attachment-full size-full\" alt=\"parco gran paradiso arrampicata\" srcset=\"https:\/\/www.hotelgparadiso.com\/wp-content\/uploads\/2023\/05\/parco-gran-paradiso-arrampicata.jpg 800w, https:\/\/www.hotelgparadiso.com\/wp-content\/uploads\/2023\/05\/parco-gran-paradiso-arrampicata-215x300.jpg 215w, https:\/\/www.hotelgparadiso.com\/wp-content\/uploads\/2023\/05\/parco-gran-paradiso-arrampicata-735x1024.jpg 735w, https:\/\/www.hotelgparadiso.com\/wp-content\/uploads\/2023\/05\/parco-gran-paradiso-arrampicata-768x1069.jpg 768w\" sizes=\"(max-width: 800px) 100vw, 800px\" \/>\n                                            <\/div>\t<div class=\"qodef-m-content\">\n\t\t\t<div class=\"qodef-m-subtitle\" >\n        escalade\t<\/div>\n\t\t\t<h4 class=\"qodef-m-title\" style=\"margin-top: 5px\">\n\t\t\t\t\tGravir les Sommets\t\t\t<\/h4>\n\t\t\t<p class=\"qodef-m-text\" >L&#039;ascension du Grand Paradis est un d\u00e9fi vertical \u00e9pique qui met \u00e0 l&#039;\u00e9preuve le corps et l&#039;esprit, tandis que l&#039;on affronte la majestuosit\u00e9 de ses parois. Chaque pas vers le sommet est une exp\u00e9rience intense et gratifiante, offrant des panoramas spectaculaires et une sensation de conqu\u00eate qui restera \u00e0 jamais grav\u00e9e dans la m\u00e9moire de ceux qui se lancent dans cette \u00e9pique aventure alpine.<\/p>\n\t<\/div>\n<\/div>\t\t\t\t<\/div>\n\t\t\t\t<\/div>\n\t\t\t\t\t<\/div>\n\t\t<\/div>\n\t\t\t\t<div class=\"elementor-column elementor-col-50 elementor-top-column elementor-element elementor-element-e579d2a animated-slow elementor-invisible\" data-id=\"e579d2a\" data-element_type=\"column\" data-e-type=\"column\" data-settings=\"{&quot;animation&quot;:&quot;fadeIn&quot;,&quot;animation_delay&quot;:150}\">\n\t\t\t<div class=\"elementor-widget-wrap elementor-element-populated\">\n\t\t\t\t\t\t<div class=\"elementor-element elementor-element-85dfe01 elementor-widget elementor-widget-augustine_core_image_with_text\" data-id=\"85dfe01\" data-element_type=\"widget\" data-e-type=\"widget\" data-widget_type=\"augustine_core_image_with_text.default\">\n\t\t\t\t<div class=\"elementor-widget-container\">\n\t\t\t\t\t<div class=\"qodef-shortcode qodef-m  qodef-image-with-text qodef-layout--text-below   \">\n\t<div class=\"qodef-m-image\">\n                                            <img loading=\"lazy\" decoding=\"async\" width=\"800\" height=\"1114\" src=\"https:\/\/www.hotelgparadiso.com\/wp-content\/uploads\/2023\/05\/parco-gran-paradiso-inverno.jpg\" class=\"attachment-full size-full\" alt=\"parco gran paradiso inverno\" srcset=\"https:\/\/www.hotelgparadiso.com\/wp-content\/uploads\/2023\/05\/parco-gran-paradiso-inverno.jpg 800w, https:\/\/www.hotelgparadiso.com\/wp-content\/uploads\/2023\/05\/parco-gran-paradiso-inverno-215x300.jpg 215w, https:\/\/www.hotelgparadiso.com\/wp-content\/uploads\/2023\/05\/parco-gran-paradiso-inverno-735x1024.jpg 735w, https:\/\/www.hotelgparadiso.com\/wp-content\/uploads\/2023\/05\/parco-gran-paradiso-inverno-768x1069.jpg 768w\" sizes=\"(max-width: 800px) 100vw, 800px\" \/>\n                                            <\/div>\t<div class=\"qodef-m-content\">\n\t\t\t<div class=\"qodef-m-subtitle\" >\n        sport d&#039;hiver\t<\/div>\n\t\t\t<h4 class=\"qodef-m-title\" style=\"margin-top: 5px\">\n\t\t\t\t\tLe Parc Enneig\u00e9\t\t\t<\/h4>\n\t\t\t<p class=\"qodef-m-text\" >Le Parc du Grand Paradis se transforme en hiver en un paradis pour les amateurs de sports de neige. Entre des balades silencieuses en raquettes le long de sentiers enchant\u00e9s, la gr\u00e2ce du ski de fond \u00e0 travers des for\u00eats enneig\u00e9es et l&#039;adr\u00e9naline du ski-alpinisme sur les majestueux sommets, l&#039;enthousiasme et la beaut\u00e9 de ces exp\u00e9riences hivernales vous captiveront, en vous offrant des \u00e9motions uniques dans un environnement naturel incomparable.<\/p>\n\t<\/div>\n<\/div>\t\t\t\t<\/div>\n\t\t\t\t<\/div>\n\t\t\t\t\t<\/div>\n\t\t<\/div>\n\t\t\t\t\t<\/div>\n\t\t<\/section>\n\t\t\t\t<section class=\"elementor-section elementor-top-section elementor-element elementor-element-f10f13d elementor-section-full_width elementor-section-height-default elementor-section-height-default qodef-elementor-content-no\" data-id=\"f10f13d\" data-element_type=\"section\" data-e-type=\"section\" data-settings=\"{&quot;background_background&quot;:&quot;classic&quot;}\">\n\t\t\t\t\t\t\t<div class=\"elementor-background-overlay\"><\/div>\n\t\t\t\t\t\t\t<div class=\"elementor-container elementor-column-gap-default\">\n\t\t\t\t\t<div class=\"elementor-column elementor-col-100 elementor-top-column elementor-element elementor-element-47e7503\" data-id=\"47e7503\" data-element_type=\"column\" data-e-type=\"column\">\n\t\t\t<div class=\"elementor-widget-wrap elementor-element-populated\">\n\t\t\t\t\t\t<div class=\"elementor-element elementor-element-783b179 elementor-widget elementor-widget-augustine_core_call_to_action\" data-id=\"783b179\" data-element_type=\"widget\" data-e-type=\"widget\" data-widget_type=\"augustine_core_call_to_action.default\">\n\t\t\t\t<div class=\"elementor-widget-container\">\n\t\t\t\t\t<div class=\"qodef-shortcode qodef-m  qodef-call-to-action qodef-layout--standard qodef-style--centered\">\n\t<div class=\"qodef-m-inner\">\n\t\t\t<div class=\"qodef-m-content\"><h5>Vivez l'exp\u00e9rience incroyable de s\u00e9journer au milieu de la nature, entour\u00e9s d'animaux.<\/h5><\/div>\n\t\t\t<div class=\"qodef-m-button\">\n\t\t<a class=\"qodef-shortcode qodef-m  qodef-button qodef-layout--outlined  qodef-html--link \" href=\"\/fr\/contactez-nous\/\" target=\"_self\"  >\t<span class=\"qodef-m-text\">r\u00e9servez maintenant<\/span><\/a>\t<\/div>\n\t<\/div>\n<\/div>\t\t\t\t<\/div>\n\t\t\t\t<\/div>\n\t\t\t\t<div class=\"elementor-element elementor-element-a0120f3 elementor-widget elementor-widget-heading\" data-id=\"a0120f3\" data-element_type=\"widget\" data-e-type=\"widget\" data-widget_type=\"heading.default\">\n\t\t\t\t<div class=\"elementor-widget-container\">\n\t\t\t\t\t<h6 class=\"elementor-heading-title elementor-size-default\"><a href=\"\">+39 0165 95318<\/a><\/h6>\t\t\t\t<\/div>\n\t\t\t\t<\/div>\n\t\t\t\t<div class=\"elementor-element elementor-element-8add4aa elementor-widget elementor-widget-heading\" data-id=\"8add4aa\" data-element_type=\"widget\" data-e-type=\"widget\" data-widget_type=\"heading.default\">\n\t\t\t\t<div class=\"elementor-widget-container\">\n\t\t\t\t\t<h6 class=\"elementor-heading-title elementor-size-default\"><a href=\"\">+39 0165 95454<\/a><\/h6>\t\t\t\t<\/div>\n\t\t\t\t<\/div>\n\t\t\t\t<div class=\"elementor-element elementor-element-a95ee70 elementor-widget elementor-widget-heading\" data-id=\"a95ee70\" data-element_type=\"widget\" data-e-type=\"widget\" data-widget_type=\"heading.default\">\n\t\t\t\t<div class=\"elementor-widget-container\">\n\t\t\t\t\t<h6 class=\"elementor-heading-title elementor-size-default\"><a href=\"\">info@hotelgparadiso.com<\/a><\/h6>\t\t\t\t<\/div>\n\t\t\t\t<\/div>\n\t\t\t\t\t<\/div>\n\t\t<\/div>\n\t\t\t\t\t<\/div>\n\t\t<\/section>\n\t\t\t\t<\/div>\n\t\t","protected":false},"excerpt":{"rendered":"<p>Le Parc du Grand Paradis Le Parc National du Grand Paradis, qui porte le nom de la montagne la plus haute de la r\u00e9gion, le Grand Paradis (4.061 m\u00e8tres), est le premier parc national italien et s&#8217;\u00e9tend sur plus de 700 kilom\u00e8tres carr\u00e9s de paysages alpins spectaculaires. Avec ses vall\u00e9es profondes, ses lacs alpins et [&hellip;]<\/p>\n","protected":false},"author":1,"featured_media":0,"parent":0,"menu_order":0,"comment_status":"closed","ping_status":"closed","template":"page-full-width.php","meta":{"footnotes":""},"class_list":["post-12545","page","type-page","status-publish","hentry"],"_links":{"self":[{"href":"https:\/\/www.hotelgparadiso.com\/fr\/wp-json\/wp\/v2\/pages\/12545","targetHints":{"allow":["GET"]}}],"collection":[{"href":"https:\/\/www.hotelgparadiso.com\/fr\/wp-json\/wp\/v2\/pages"}],"about":[{"href":"https:\/\/www.hotelgparadiso.com\/fr\/wp-json\/wp\/v2\/types\/page"}],"author":[{"embeddable":true,"href":"https:\/\/www.hotelgparadiso.com\/fr\/wp-json\/wp\/v2\/users\/1"}],"replies":[{"embeddable":true,"href":"https:\/\/www.hotelgparadiso.com\/fr\/wp-json\/wp\/v2\/comments?post=12545"}],"version-history":[{"count":18,"href":"https:\/\/www.hotelgparadiso.com\/fr\/wp-json\/wp\/v2\/pages\/12545\/revisions"}],"predecessor-version":[{"id":13022,"href":"https:\/\/www.hotelgparadiso.com\/fr\/wp-json\/wp\/v2\/pages\/12545\/revisions\/13022"}],"wp:attachment":[{"href":"https:\/\/www.hotelgparadiso.com\/fr\/wp-json\/wp\/v2\/media?parent=12545"}],"curies":[{"name":"wp","href":"https:\/\/api.w.org\/{rel}","templated":true}]}}